{"id":33,"date":"2017-08-08T16:25:55","date_gmt":"2017-08-08T14:25:55","guid":{"rendered":"https:\/\/petit-ronchin.quartiers-ronchin.fr\/?page_id=33"},"modified":"2022-05-10T21:48:13","modified_gmt":"2022-05-10T19:48:13","slug":"accueil","status":"publish","type":"page","link":"https:\/\/petit-ronchin.quartiers-ronchin.fr\/","title":{"rendered":"Accueil"},"content":{"rendered":"<h1>Le comit\u00e9 de quartier du petit Ronchin<\/h1>\n<p>Le <strong>comit\u00e9 de quartier<\/strong> du <strong>petit Ronchin<\/strong> a pour but de mettre en avant les initiatives qui \u00e9mergent sur le quartier et \u00e9galement d&rsquo;aider \u00e0 la communication entre les habitants du quartier et la mairie.<\/p>\n<p>N&rsquo;h\u00e9sitez pas \u00e0 entrer en contact avec nous et nous faire part de vos remarques, via notre mail: petit.ronchin@gmail.com ou bien via <a href=\"https:\/\/petit-ronchin.quartiers-ronchin.fr\/index.php\/fiche-de-signalement\/\">la fiche de signalement<\/a> disponible sur ce site.<\/p>\n<p>Toute l&rsquo;\u00e9quipe du comit\u00e9 de quartier du petit Ronchin reste \u00e0 votre disposition.<\/p>\n<div>\u00a0<\/div>\n\n<ul class=\"wp-block-latest-posts__list is-grid columns-3 has-dates wp-block-latest-posts\"><li><a href=\"https:\/\/petit-ronchin.quartiers-ronchin.fr\/index.php\/2022\/05\/13\/reunion-publique-comite-de-quartier\/\">R\u00e9union publique comit\u00e9 de quartier<\/a><time datetime=\"2022-05-13T23:02:01+02:00\" class=\"wp-block-latest-posts__post-date\">13 mai 2022<\/time><\/li>\n<li><a href=\"https:\/\/petit-ronchin.quartiers-ronchin.fr\/index.php\/2022\/05\/13\/a-vous-la-parole\/\">A vous la parole<\/a><time datetime=\"2022-05-13T22:46:59+02:00\" class=\"wp-block-latest-posts__post-date\">13 mai 2022<\/time><\/li>\n<li><a href=\"https:\/\/petit-ronchin.quartiers-ronchin.fr\/index.php\/2022\/05\/13\/lepoivre-legumes-et-plants\/\">Lepoivre, L\u00e9gumes et plants<\/a><time datetime=\"2022-05-13T22:18:47+02:00\" class=\"wp-block-latest-posts__post-date\">13 mai 2022<\/time><\/li>\n<li><a href=\"https:\/\/petit-ronchin.quartiers-ronchin.fr\/index.php\/2022\/05\/13\/les-legumes-de-ladzout\/\">Les l\u00e9gumes de l&rsquo;Adzout<\/a><time datetime=\"2022-05-13T22:04:45+02:00\" class=\"wp-block-latest-posts__post-date\">13 mai 2022<\/time><\/li>\n<li><a href=\"https:\/\/petit-ronchin.quartiers-ronchin.fr\/index.php\/2022\/05\/13\/scarpe-diem\/\">Scarpe Diem<\/a><time datetime=\"2022-05-13T22:00:58+02:00\" class=\"wp-block-latest-posts__post-date\">13 mai 2022<\/time><\/li>\n<\/ul>","protected":false},"excerpt":{"rendered":"<p>Le comit\u00e9 de quartier du petit Ronchin Le comit\u00e9 de quartier du petit Ronchin a pour but de mettre en avant les initiatives qui \u00e9mergent sur le quartier et \u00e9galement d&rsquo;aider \u00e0 la communication entre les habitants du quartier et la mairie. N&rsquo;h\u00e9sitez pas \u00e0 entrer en contact avec nous &hellip;<\/p>\n","protected":false},"author":1,"featured_media":0,"parent":0,"menu_order":0,"comment_status":"closed","ping_status":"closed","template":"","meta":{"_mi_skip_tracking":false},"yoast_head":"<!-- This site is optimized with the Yoast SEO plugin v18.5.1 - https:\/\/yoast.com\/wordpress\/plugins\/seo\/ -->\n<title>Accueil - Petit Ronchin - Comit\u00e9 de quartier<\/title>\n<meta name=\"robots\" content=\"index, follow, max-snippet:-1, max-image-preview:large, max-video-preview:-1\" \/>\n<link rel=\"canonical\" href=\"https:\/\/petit-ronchin.quartiers-ronchin.fr\/\" \/>\n<meta property=\"og:locale\" content=\"fr_FR\" \/>\n<meta property=\"og:type\" content=\"article\" \/>\n<meta property=\"og:title\" content=\"Accueil - Petit Ronchin - Comit\u00e9 de quartier\" \/>\n<meta property=\"og:description\" content=\"Le comit\u00e9 de quartier du petit Ronchin Le comit\u00e9 de quartier du petit Ronchin a pour but de mettre en avant les initiatives qui \u00e9mergent sur le quartier et \u00e9galement d&rsquo;aider \u00e0 la communication entre les habitants du quartier et la mairie. N&rsquo;h\u00e9sitez pas \u00e0 entrer en contact avec nous &hellip;\" \/>\n<meta property=\"og:url\" content=\"https:\/\/petit-ronchin.quartiers-ronchin.fr\/\" \/>\n<meta property=\"og:site_name\" content=\"Petit Ronchin - Comit\u00e9 de quartier\" \/>\n<meta property=\"article:publisher\" content=\"https:\/\/www.facebook.com\/cqpetitronchin\" \/>\n<meta property=\"article:modified_time\" content=\"2022-05-10T19:48:13+00:00\" \/>\n<meta name=\"twitter:card\" content=\"summary\" \/>\n<meta name=\"twitter:label1\" content=\"Dur\u00e9e de lecture estim\u00e9e\" \/>\n\t<meta name=\"twitter:data1\" content=\"1 minute\" \/>\n<script type=\"application\/ld+json\" class=\"yoast-schema-graph\">{\"@context\":\"https:\/\/schema.org\",\"@graph\":[{\"@type\":\"WebSite\",\"@id\":\"https:\/\/petit-ronchin.quartiers-ronchin.fr\/#website\",\"url\":\"https:\/\/petit-ronchin.quartiers-ronchin.fr\/\",\"name\":\"Petit Ronchin - Comit\u00e9 de quartier\",\"description\":\"Retrouvez toutes les infos du quartier du petit\",\"potentialAction\":[{\"@type\":\"SearchAction\",\"target\":{\"@type\":\"EntryPoint\",\"urlTemplate\":\"https:\/\/petit-ronchin.quartiers-ronchin.fr\/?s={search_term_string}\"},\"query-input\":\"required name=search_term_string\"}],\"inLanguage\":\"fr-FR\"},{\"@type\":\"WebPage\",\"@id\":\"https:\/\/petit-ronchin.quartiers-ronchin.fr\/#webpage\",\"url\":\"https:\/\/petit-ronchin.quartiers-ronchin.fr\/\",\"name\":\"Accueil - Petit Ronchin - Comit\u00e9 de quartier\",\"isPartOf\":{\"@id\":\"https:\/\/petit-ronchin.quartiers-ronchin.fr\/#website\"},\"datePublished\":\"2017-08-08T14:25:55+00:00\",\"dateModified\":\"2022-05-10T19:48:13+00:00\",\"breadcrumb\":{\"@id\":\"https:\/\/petit-ronchin.quartiers-ronchin.fr\/#breadcrumb\"},\"inLanguage\":\"fr-FR\",\"potentialAction\":[{\"@type\":\"ReadAction\",\"target\":[\"https:\/\/petit-ronchin.quartiers-ronchin.fr\/\"]}]},{\"@type\":\"BreadcrumbList\",\"@id\":\"https:\/\/petit-ronchin.quartiers-ronchin.fr\/#breadcrumb\",\"itemListElement\":[{\"@type\":\"ListItem\",\"position\":1,\"name\":\"Accueil\",\"item\":\"https:\/\/petit-ronchin.quartiers-ronchin.fr\/\"},{\"@type\":\"ListItem\",\"position\":2,\"name\":\"Accueil\"}]}]}<\/script>\n<!-- \/ Yoast SEO plugin. -->","yoast_head_json":{"title":"Accueil - Petit Ronchin - Comit\u00e9 de quartier","robots":{"index":"index","follow":"follow","max-snippet":"max-snippet:-1","max-image-preview":"max-image-preview:large","max-video-preview":"max-video-preview:-1"},"canonical":"https:\/\/petit-ronchin.quartiers-ronchin.fr\/","og_locale":"fr_FR","og_type":"article","og_title":"Accueil - Petit Ronchin - Comit\u00e9 de quartier","og_description":"Le comit\u00e9 de quartier du petit Ronchin Le comit\u00e9 de quartier du petit Ronchin a pour but de mettre en avant les initiatives qui \u00e9mergent sur le quartier et \u00e9galement d&rsquo;aider \u00e0 la communication entre les habitants du quartier et la mairie. N&rsquo;h\u00e9sitez pas \u00e0 entrer en contact avec nous &hellip;","og_url":"https:\/\/petit-ronchin.quartiers-ronchin.fr\/","og_site_name":"Petit Ronchin - Comit\u00e9 de quartier","article_publisher":"https:\/\/www.facebook.com\/cqpetitronchin","article_modified_time":"2022-05-10T19:48:13+00:00","twitter_card":"summary","twitter_misc":{"Dur\u00e9e de lecture estim\u00e9e":"1 minute"},"schema":{"@context":"https:\/\/schema.org","@graph":[{"@type":"WebSite","@id":"https:\/\/petit-ronchin.quartiers-ronchin.fr\/#website","url":"https:\/\/petit-ronchin.quartiers-ronchin.fr\/","name":"Petit Ronchin - Comit\u00e9 de quartier","description":"Retrouvez toutes les infos du quartier du petit","potentialAction":[{"@type":"SearchAction","target":{"@type":"EntryPoint","urlTemplate":"https:\/\/petit-ronchin.quartiers-ronchin.fr\/?s={search_term_string}"},"query-input":"required name=search_term_string"}],"inLanguage":"fr-FR"},{"@type":"WebPage","@id":"https:\/\/petit-ronchin.quartiers-ronchin.fr\/#webpage","url":"https:\/\/petit-ronchin.quartiers-ronchin.fr\/","name":"Accueil - Petit Ronchin - Comit\u00e9 de quartier","isPartOf":{"@id":"https:\/\/petit-ronchin.quartiers-ronchin.fr\/#website"},"datePublished":"2017-08-08T14:25:55+00:00","dateModified":"2022-05-10T19:48:13+00:00","breadcrumb":{"@id":"https:\/\/petit-ronchin.quartiers-ronchin.fr\/#breadcrumb"},"inLanguage":"fr-FR","potentialAction":[{"@type":"ReadAction","target":["https:\/\/petit-ronchin.quartiers-ronchin.fr\/"]}]},{"@type":"BreadcrumbList","@id":"https:\/\/petit-ronchin.quartiers-ronchin.fr\/#breadcrumb","itemListElement":[{"@type":"ListItem","position":1,"name":"Accueil","item":"https:\/\/petit-ronchin.quartiers-ronchin.fr\/"},{"@type":"ListItem","position":2,"name":"Accueil"}]}]}},"_links":{"self":[{"href":"https:\/\/petit-ronchin.quartiers-ronchin.fr\/index.php\/wp-json\/wp\/v2\/pages\/33"}],"collection":[{"href":"https:\/\/petit-ronchin.quartiers-ronchin.fr\/index.php\/wp-json\/wp\/v2\/pages"}],"about":[{"href":"https:\/\/petit-ronchin.quartiers-ronchin.fr\/index.php\/wp-json\/wp\/v2\/types\/page"}],"author":[{"embeddable":true,"href":"https:\/\/petit-ronchin.quartiers-ronchin.fr\/index.php\/wp-json\/wp\/v2\/users\/1"}],"replies":[{"embeddable":true,"href":"https:\/\/petit-ronchin.quartiers-ronchin.fr\/index.php\/wp-json\/wp\/v2\/comments?post=33"}],"version-history":[{"count":20,"href":"https:\/\/petit-ronchin.quartiers-ronchin.fr\/index.php\/wp-json\/wp\/v2\/pages\/33\/revisions"}],"predecessor-version":[{"id":726,"href":"https:\/\/petit-ronchin.quartiers-ronchin.fr\/index.php\/wp-json\/wp\/v2\/pages\/33\/revisions\/726"}],"wp:attachment":[{"href":"https:\/\/petit-ronchin.quartiers-ronchin.fr\/index.php\/wp-json\/wp\/v2\/media?parent=33"}],"curies":[{"name":"wp","href":"https:\/\/api.w.org\/{rel}","templated":true}]}}