{"id":43,"date":"2017-08-08T16:33:11","date_gmt":"2017-08-08T14:33:11","guid":{"rendered":"https:\/\/petit-ronchin.quartiers-ronchin.fr\/?page_id=43"},"modified":"2022-05-10T22:09:21","modified_gmt":"2022-05-10T20:09:21","slug":"comite-de-quartier","status":"publish","type":"page","link":"https:\/\/petit-ronchin.quartiers-ronchin.fr\/index.php\/comite-de-quartier\/","title":{"rendered":"Les r\u00e9unions publiques"},"content":{"rendered":"<p>Les r\u00e9unions publiques du comit\u00e9 de quartier ont lieu 4 fois par an.\u00a0<\/p>\n<p><strong>La prochaine aura lieu le 14 juin 2022 \u00e0 19h salle Courtray<\/strong><\/p>\n<p>Elles sont des lieux d&rsquo;\u00e9changes et de discussion avant tout entre habitants et chacun est le bienvenue pour soulever les questions sur le quartier qui lui tiennent \u00e0 coeur.<\/p>\n<p>Le comit\u00e9 de quartier est organis\u00e9 en 3 commissions:<\/p>\n<ul>\n<li>cadre de vie<\/li>\n<li>vie \u00e9conomique<\/li>\n<li>vie culturelle<\/li>\n<\/ul>\n<p>A chaque r\u00e9union, chaque commission fait part \u00e0 l&rsquo;ensemble des habitants pr\u00e9sents des r\u00e9sultats de ses travaux et r\u00e9flexions.\u00a0<\/p>\n<p>Il existe \u00e9galement toujours un temps d&rsquo;\u00e9change avec un ou des repr\u00e9sentants de l&rsquo;\u00e9quipe municipale.<\/p>\n<p>Si vous souhaitez nous faire part de sujets, vous pouvez nous contacter sur le lien ici ou par mail au &#8230; ou sur notre Page Facebook<\/p>\n\n\n<p><\/p>\n","protected":false},"excerpt":{"rendered":"<p>Les r\u00e9unions publiques du comit\u00e9 de quartier ont lieu 4 fois par an.\u00a0 La prochaine aura lieu le 14 juin 2022 \u00e0 19h salle Courtray Elles sont des lieux d&rsquo;\u00e9changes et de discussion avant tout entre habitants et chacun est le bienvenue pour soulever les questions sur le quartier qui &hellip;<\/p>\n","protected":false},"author":1,"featured_media":0,"parent":0,"menu_order":0,"comment_status":"closed","ping_status":"closed","template":"","meta":{"_mi_skip_tracking":false},"yoast_head":"<!-- This site is optimized with the Yoast SEO plugin v18.5.1 - https:\/\/yoast.com\/wordpress\/plugins\/seo\/ -->\n<title>Les r\u00e9unions publiques - Petit Ronchin - Comit\u00e9 de quartier<\/title>\n<meta name=\"robots\" content=\"index, follow, max-snippet:-1, max-image-preview:large, max-video-preview:-1\" \/>\n<link rel=\"canonical\" href=\"https:\/\/petit-ronchin.quartiers-ronchin.fr\/index.php\/comite-de-quartier\/\" \/>\n<meta property=\"og:locale\" content=\"fr_FR\" \/>\n<meta property=\"og:type\" content=\"article\" \/>\n<meta property=\"og:title\" content=\"Les r\u00e9unions publiques - Petit Ronchin - Comit\u00e9 de quartier\" \/>\n<meta property=\"og:description\" content=\"Les r\u00e9unions publiques du comit\u00e9 de quartier ont lieu 4 fois par an.\u00a0 La prochaine aura lieu le 14 juin 2022 \u00e0 19h salle Courtray Elles sont des lieux d&rsquo;\u00e9changes et de discussion avant tout entre habitants et chacun est le bienvenue pour soulever les questions sur le quartier qui &hellip;\" \/>\n<meta property=\"og:url\" content=\"https:\/\/petit-ronchin.quartiers-ronchin.fr\/index.php\/comite-de-quartier\/\" \/>\n<meta property=\"og:site_name\" content=\"Petit Ronchin - Comit\u00e9 de quartier\" \/>\n<meta property=\"article:publisher\" content=\"https:\/\/www.facebook.com\/cqpetitronchin\" \/>\n<meta property=\"article:modified_time\" content=\"2022-05-10T20:09:21+00:00\" \/>\n<meta name=\"twitter:card\" content=\"summary\" \/>\n<meta name=\"twitter:label1\" content=\"Dur\u00e9e de lecture estim\u00e9e\" \/>\n\t<meta name=\"twitter:data1\" content=\"1 minute\" \/>\n<script type=\"application\/ld+json\" class=\"yoast-schema-graph\">{\"@context\":\"https:\/\/schema.org\",\"@graph\":[{\"@type\":\"WebSite\",\"@id\":\"https:\/\/petit-ronchin.quartiers-ronchin.fr\/#website\",\"url\":\"https:\/\/petit-ronchin.quartiers-ronchin.fr\/\",\"name\":\"Petit Ronchin - Comit\u00e9 de quartier\",\"description\":\"Retrouvez toutes les infos du quartier du petit\",\"potentialAction\":[{\"@type\":\"SearchAction\",\"target\":{\"@type\":\"EntryPoint\",\"urlTemplate\":\"https:\/\/petit-ronchin.quartiers-ronchin.fr\/?s={search_term_string}\"},\"query-input\":\"required name=search_term_string\"}],\"inLanguage\":\"fr-FR\"},{\"@type\":\"WebPage\",\"@id\":\"https:\/\/petit-ronchin.quartiers-ronchin.fr\/index.php\/comite-de-quartier\/#webpage\",\"url\":\"https:\/\/petit-ronchin.quartiers-ronchin.fr\/index.php\/comite-de-quartier\/\",\"name\":\"Les r\u00e9unions publiques - Petit Ronchin - Comit\u00e9 de quartier\",\"isPartOf\":{\"@id\":\"https:\/\/petit-ronchin.quartiers-ronchin.fr\/#website\"},\"datePublished\":\"2017-08-08T14:33:11+00:00\",\"dateModified\":\"2022-05-10T20:09:21+00:00\",\"breadcrumb\":{\"@id\":\"https:\/\/petit-ronchin.quartiers-ronchin.fr\/index.php\/comite-de-quartier\/#breadcrumb\"},\"inLanguage\":\"fr-FR\",\"potentialAction\":[{\"@type\":\"ReadAction\",\"target\":[\"https:\/\/petit-ronchin.quartiers-ronchin.fr\/index.php\/comite-de-quartier\/\"]}]},{\"@type\":\"BreadcrumbList\",\"@id\":\"https:\/\/petit-ronchin.quartiers-ronchin.fr\/index.php\/comite-de-quartier\/#breadcrumb\",\"itemListElement\":[{\"@type\":\"ListItem\",\"position\":1,\"name\":\"Accueil\",\"item\":\"https:\/\/petit-ronchin.quartiers-ronchin.fr\/\"},{\"@type\":\"ListItem\",\"position\":2,\"name\":\"Les r\u00e9unions publiques\"}]}]}<\/script>\n<!-- \/ Yoast SEO plugin. -->","yoast_head_json":{"title":"Les r\u00e9unions publiques - Petit Ronchin - Comit\u00e9 de quartier","robots":{"index":"index","follow":"follow","max-snippet":"max-snippet:-1","max-image-preview":"max-image-preview:large","max-video-preview":"max-video-preview:-1"},"canonical":"https:\/\/petit-ronchin.quartiers-ronchin.fr\/index.php\/comite-de-quartier\/","og_locale":"fr_FR","og_type":"article","og_title":"Les r\u00e9unions publiques - Petit Ronchin - Comit\u00e9 de quartier","og_description":"Les r\u00e9unions publiques du comit\u00e9 de quartier ont lieu 4 fois par an.\u00a0 La prochaine aura lieu le 14 juin 2022 \u00e0 19h salle Courtray Elles sont des lieux d&rsquo;\u00e9changes et de discussion avant tout entre habitants et chacun est le bienvenue pour soulever les questions sur le quartier qui &hellip;","og_url":"https:\/\/petit-ronchin.quartiers-ronchin.fr\/index.php\/comite-de-quartier\/","og_site_name":"Petit Ronchin - Comit\u00e9 de quartier","article_publisher":"https:\/\/www.facebook.com\/cqpetitronchin","article_modified_time":"2022-05-10T20:09:21+00:00","twitter_card":"summary","twitter_misc":{"Dur\u00e9e de lecture estim\u00e9e":"1 minute"},"schema":{"@context":"https:\/\/schema.org","@graph":[{"@type":"WebSite","@id":"https:\/\/petit-ronchin.quartiers-ronchin.fr\/#website","url":"https:\/\/petit-ronchin.quartiers-ronchin.fr\/","name":"Petit Ronchin - Comit\u00e9 de quartier","description":"Retrouvez toutes les infos du quartier du petit","potentialAction":[{"@type":"SearchAction","target":{"@type":"EntryPoint","urlTemplate":"https:\/\/petit-ronchin.quartiers-ronchin.fr\/?s={search_term_string}"},"query-input":"required name=search_term_string"}],"inLanguage":"fr-FR"},{"@type":"WebPage","@id":"https:\/\/petit-ronchin.quartiers-ronchin.fr\/index.php\/comite-de-quartier\/#webpage","url":"https:\/\/petit-ronchin.quartiers-ronchin.fr\/index.php\/comite-de-quartier\/","name":"Les r\u00e9unions publiques - Petit Ronchin - Comit\u00e9 de quartier","isPartOf":{"@id":"https:\/\/petit-ronchin.quartiers-ronchin.fr\/#website"},"datePublished":"2017-08-08T14:33:11+00:00","dateModified":"2022-05-10T20:09:21+00:00","breadcrumb":{"@id":"https:\/\/petit-ronchin.quartiers-ronchin.fr\/index.php\/comite-de-quartier\/#breadcrumb"},"inLanguage":"fr-FR","potentialAction":[{"@type":"ReadAction","target":["https:\/\/petit-ronchin.quartiers-ronchin.fr\/index.php\/comite-de-quartier\/"]}]},{"@type":"BreadcrumbList","@id":"https:\/\/petit-ronchin.quartiers-ronchin.fr\/index.php\/comite-de-quartier\/#breadcrumb","itemListElement":[{"@type":"ListItem","position":1,"name":"Accueil","item":"https:\/\/petit-ronchin.quartiers-ronchin.fr\/"},{"@type":"ListItem","position":2,"name":"Les r\u00e9unions publiques"}]}]}},"_links":{"self":[{"href":"https:\/\/petit-ronchin.quartiers-ronchin.fr\/index.php\/wp-json\/wp\/v2\/pages\/43"}],"collection":[{"href":"https:\/\/petit-ronchin.quartiers-ronchin.fr\/index.php\/wp-json\/wp\/v2\/pages"}],"about":[{"href":"https:\/\/petit-ronchin.quartiers-ronchin.fr\/index.php\/wp-json\/wp\/v2\/types\/page"}],"author":[{"embeddable":true,"href":"https:\/\/petit-ronchin.quartiers-ronchin.fr\/index.php\/wp-json\/wp\/v2\/users\/1"}],"replies":[{"embeddable":true,"href":"https:\/\/petit-ronchin.quartiers-ronchin.fr\/index.php\/wp-json\/wp\/v2\/comments?post=43"}],"version-history":[{"count":3,"href":"https:\/\/petit-ronchin.quartiers-ronchin.fr\/index.php\/wp-json\/wp\/v2\/pages\/43\/revisions"}],"predecessor-version":[{"id":734,"href":"https:\/\/petit-ronchin.quartiers-ronchin.fr\/index.php\/wp-json\/wp\/v2\/pages\/43\/revisions\/734"}],"wp:attachment":[{"href":"https:\/\/petit-ronchin.quartiers-ronchin.fr\/index.php\/wp-json\/wp\/v2\/media?parent=43"}],"curies":[{"name":"wp","href":"https:\/\/api.w.org\/{rel}","templated":true}]}}