{"id":45,"date":"2017-08-08T16:33:30","date_gmt":"2017-08-08T14:33:30","guid":{"rendered":"https:\/\/petit-ronchin.quartiers-ronchin.fr\/?page_id=45"},"modified":"2017-08-30T00:23:09","modified_gmt":"2017-08-29T22:23:09","slug":"contact","status":"publish","type":"page","link":"https:\/\/petit-ronchin.quartiers-ronchin.fr\/index.php\/contact\/","title":{"rendered":"Contact"},"content":{"rendered":"<p>Pour nous \u00e9crire rien de plus simple, envoyez nous un mail \u00e0 petit.ronchin@gmail.com<\/p>\n","protected":false},"excerpt":{"rendered":"<p>Pour nous \u00e9crire rien de plus simple, envoyez nous un mail \u00e0 petit.ronchin@gmail.com<\/p>\n","protected":false},"author":1,"featured_media":0,"parent":0,"menu_order":0,"comment_status":"closed","ping_status":"closed","template":"","meta":{"_mi_skip_tracking":false},"yoast_head":"<!-- This site is optimized with the Yoast SEO plugin v18.5.1 - https:\/\/yoast.com\/wordpress\/plugins\/seo\/ -->\n<title>Contact - Petit Ronchin - Comit\u00e9 de quartier<\/title>\n<meta name=\"robots\" content=\"index, follow, max-snippet:-1, max-image-preview:large, max-video-preview:-1\" \/>\n<link rel=\"canonical\" href=\"https:\/\/petit-ronchin.quartiers-ronchin.fr\/index.php\/contact\/\" \/>\n<meta property=\"og:locale\" content=\"fr_FR\" \/>\n<meta property=\"og:type\" content=\"article\" \/>\n<meta property=\"og:title\" content=\"Contact - Petit Ronchin - Comit\u00e9 de quartier\" \/>\n<meta property=\"og:description\" content=\"Pour nous \u00e9crire rien de plus simple, envoyez nous un mail \u00e0 petit.ronchin@gmail.com\" \/>\n<meta property=\"og:url\" content=\"https:\/\/petit-ronchin.quartiers-ronchin.fr\/index.php\/contact\/\" \/>\n<meta property=\"og:site_name\" content=\"Petit Ronchin - Comit\u00e9 de quartier\" \/>\n<meta property=\"article:publisher\" content=\"https:\/\/www.facebook.com\/cqpetitronchin\" \/>\n<meta property=\"article:modified_time\" content=\"2017-08-29T22:23:09+00:00\" \/>\n<meta name=\"twitter:card\" content=\"summary\" \/>\n<script type=\"application\/ld+json\" class=\"yoast-schema-graph\">{\"@context\":\"https:\/\/schema.org\",\"@graph\":[{\"@type\":\"WebSite\",\"@id\":\"https:\/\/petit-ronchin.quartiers-ronchin.fr\/#website\",\"url\":\"https:\/\/petit-ronchin.quartiers-ronchin.fr\/\",\"name\":\"Petit Ronchin - Comit\u00e9 de quartier\",\"description\":\"Retrouvez toutes les infos du quartier du petit\",\"potentialAction\":[{\"@type\":\"SearchAction\",\"target\":{\"@type\":\"EntryPoint\",\"urlTemplate\":\"https:\/\/petit-ronchin.quartiers-ronchin.fr\/?s={search_term_string}\"},\"query-input\":\"required name=search_term_string\"}],\"inLanguage\":\"fr-FR\"},{\"@type\":\"WebPage\",\"@id\":\"https:\/\/petit-ronchin.quartiers-ronchin.fr\/index.php\/contact\/#webpage\",\"url\":\"https:\/\/petit-ronchin.quartiers-ronchin.fr\/index.php\/contact\/\",\"name\":\"Contact - Petit Ronchin - Comit\u00e9 de quartier\",\"isPartOf\":{\"@id\":\"https:\/\/petit-ronchin.quartiers-ronchin.fr\/#website\"},\"datePublished\":\"2017-08-08T14:33:30+00:00\",\"dateModified\":\"2017-08-29T22:23:09+00:00\",\"breadcrumb\":{\"@id\":\"https:\/\/petit-ronchin.quartiers-ronchin.fr\/index.php\/contact\/#breadcrumb\"},\"inLanguage\":\"fr-FR\",\"potentialAction\":[{\"@type\":\"ReadAction\",\"target\":[\"https:\/\/petit-ronchin.quartiers-ronchin.fr\/index.php\/contact\/\"]}]},{\"@type\":\"BreadcrumbList\",\"@id\":\"https:\/\/petit-ronchin.quartiers-ronchin.fr\/index.php\/contact\/#breadcrumb\",\"itemListElement\":[{\"@type\":\"ListItem\",\"position\":1,\"name\":\"Accueil\",\"item\":\"https:\/\/petit-ronchin.quartiers-ronchin.fr\/\"},{\"@type\":\"ListItem\",\"position\":2,\"name\":\"Contact\"}]}]}<\/script>\n<!-- \/ Yoast SEO plugin. -->","yoast_head_json":{"title":"Contact - Petit Ronchin - Comit\u00e9 de quartier","robots":{"index":"index","follow":"follow","max-snippet":"max-snippet:-1","max-image-preview":"max-image-preview:large","max-video-preview":"max-video-preview:-1"},"canonical":"https:\/\/petit-ronchin.quartiers-ronchin.fr\/index.php\/contact\/","og_locale":"fr_FR","og_type":"article","og_title":"Contact - Petit Ronchin - Comit\u00e9 de quartier","og_description":"Pour nous \u00e9crire rien de plus simple, envoyez nous un mail \u00e0 petit.ronchin@gmail.com","og_url":"https:\/\/petit-ronchin.quartiers-ronchin.fr\/index.php\/contact\/","og_site_name":"Petit Ronchin - Comit\u00e9 de quartier","article_publisher":"https:\/\/www.facebook.com\/cqpetitronchin","article_modified_time":"2017-08-29T22:23:09+00:00","twitter_card":"summary","schema":{"@context":"https:\/\/schema.org","@graph":[{"@type":"WebSite","@id":"https:\/\/petit-ronchin.quartiers-ronchin.fr\/#website","url":"https:\/\/petit-ronchin.quartiers-ronchin.fr\/","name":"Petit Ronchin - Comit\u00e9 de quartier","description":"Retrouvez toutes les infos du quartier du petit","potentialAction":[{"@type":"SearchAction","target":{"@type":"EntryPoint","urlTemplate":"https:\/\/petit-ronchin.quartiers-ronchin.fr\/?s={search_term_string}"},"query-input":"required name=search_term_string"}],"inLanguage":"fr-FR"},{"@type":"WebPage","@id":"https:\/\/petit-ronchin.quartiers-ronchin.fr\/index.php\/contact\/#webpage","url":"https:\/\/petit-ronchin.quartiers-ronchin.fr\/index.php\/contact\/","name":"Contact - Petit Ronchin - Comit\u00e9 de quartier","isPartOf":{"@id":"https:\/\/petit-ronchin.quartiers-ronchin.fr\/#website"},"datePublished":"2017-08-08T14:33:30+00:00","dateModified":"2017-08-29T22:23:09+00:00","breadcrumb":{"@id":"https:\/\/petit-ronchin.quartiers-ronchin.fr\/index.php\/contact\/#breadcrumb"},"inLanguage":"fr-FR","potentialAction":[{"@type":"ReadAction","target":["https:\/\/petit-ronchin.quartiers-ronchin.fr\/index.php\/contact\/"]}]},{"@type":"BreadcrumbList","@id":"https:\/\/petit-ronchin.quartiers-ronchin.fr\/index.php\/contact\/#breadcrumb","itemListElement":[{"@type":"ListItem","position":1,"name":"Accueil","item":"https:\/\/petit-ronchin.quartiers-ronchin.fr\/"},{"@type":"ListItem","position":2,"name":"Contact"}]}]}},"_links":{"self":[{"href":"https:\/\/petit-ronchin.quartiers-ronchin.fr\/index.php\/wp-json\/wp\/v2\/pages\/45"}],"collection":[{"href":"https:\/\/petit-ronchin.quartiers-ronchin.fr\/index.php\/wp-json\/wp\/v2\/pages"}],"about":[{"href":"https:\/\/petit-ronchin.quartiers-ronchin.fr\/index.php\/wp-json\/wp\/v2\/types\/page"}],"author":[{"embeddable":true,"href":"https:\/\/petit-ronchin.quartiers-ronchin.fr\/index.php\/wp-json\/wp\/v2\/users\/1"}],"replies":[{"embeddable":true,"href":"https:\/\/petit-ronchin.quartiers-ronchin.fr\/index.php\/wp-json\/wp\/v2\/comments?post=45"}],"version-history":[{"count":2,"href":"https:\/\/petit-ronchin.quartiers-ronchin.fr\/index.php\/wp-json\/wp\/v2\/pages\/45\/revisions"}],"predecessor-version":[{"id":290,"href":"https:\/\/petit-ronchin.quartiers-ronchin.fr\/index.php\/wp-json\/wp\/v2\/pages\/45\/revisions\/290"}],"wp:attachment":[{"href":"https:\/\/petit-ronchin.quartiers-ronchin.fr\/index.php\/wp-json\/wp\/v2\/media?parent=45"}],"curies":[{"name":"wp","href":"https:\/\/api.w.org\/{rel}","templated":true}]}}