{"id":495,"date":"2017-11-30T18:47:20","date_gmt":"2017-11-30T17:47:20","guid":{"rendered":"https:\/\/petit-ronchin.quartiers-ronchin.fr\/?page_id=495"},"modified":"2017-11-30T18:48:47","modified_gmt":"2017-11-30T17:48:47","slug":"place-de-labbe-de-lepee","status":"publish","type":"page","link":"https:\/\/petit-ronchin.quartiers-ronchin.fr\/index.php\/place-de-labbe-de-lepee\/","title":{"rendered":"Place de l&rsquo;abb\u00e9 de l&rsquo;\u00e9p\u00e9e"},"content":{"rendered":"<p>Charles-Michel de L&rsquo;\u00c9p\u00e9e, appel\u00e9 l&rsquo;abb\u00e9 de L&rsquo;\u00c9p\u00e9e, n\u00e9 Charles-Michel Lesp\u00e9e le 24 novembre 1712 et mort le 23 d\u00e9cembre 1789, est un pr\u00eatre fran\u00e7ais, l&rsquo;un des pr\u00e9curseurs de l\u2019enseignement sp\u00e9cialis\u00e9 dispens\u00e9 aux sourds<\/p>\n<p>Pharmacie du petit Ronchin &#8211; Pharmacie<br \/>\n10 place de l&rsquo;abb\u00e9 de l&rsquo;\u00e9p\u00e9e &#8211; 03 20 88 18 64<br \/>\n<span class=\"collapseomatic \" id=\"id9905\"  tabindex=\"0\" title=\"<strong>Plus<\/strong>\"    ><strong>Plus<\/strong><\/span><div id=\"target-id9905\" class=\"collapseomatic_content \">\nSite internet: <a href=\"http:\/\/pharmacie-petit-ronchin.fr\">pharmacie-petit-ronchin.fr<\/a><\/p>\n<p><iframe loading=\"lazy\" src=\"https:\/\/www.google.com\/maps\/embed?pb=!1m18!1m12!1m3!1d632.9942374155311!2d3.0864645452326656!3d50.60896585045809!2m3!1f0!2f0!3f0!3m2!1i1024!2i768!4f13.1!3m3!1m2!1s0x47c2d5daf083299b%3A0x8d812e6f6fffd608!2sPharmacie+du+Petit+Ronchin!5e0!3m2!1sfr!2sfr!4v1512063253608\" width=\"400\" height=\"300\" frameborder=\"0\" style=\"border:0\" allowfullscreen><\/iframe><br \/>\n<strong>Horaires:<\/strong><br \/>\nlundi 09:00\u201312:30 14:00\u201319:30<br \/>\nmardi 09:00\u201312:30 14:00\u201319:30<br \/>\nmercredi 09:00\u201312:30 14:00\u201319:30<br \/>\njeudi 09:00\u201312:30 14:00\u201319:30<br \/>\nvendredi 09:00\u201312:30 14:00\u201319:30<br \/>\nsamedi 09:00\u201312:30 14:00-19h00<br \/>\ndimanche ferm\u00e9<br \/>\n<\/div>\n","protected":false},"excerpt":{"rendered":"<p>Charles-Michel de L&rsquo;\u00c9p\u00e9e, appel\u00e9 l&rsquo;abb\u00e9 de L&rsquo;\u00c9p\u00e9e, n\u00e9 Charles-Michel Lesp\u00e9e le 24 novembre 1712 et mort le 23 d\u00e9cembre 1789, est un pr\u00eatre fran\u00e7ais, l&rsquo;un des pr\u00e9curseurs de l\u2019enseignement sp\u00e9cialis\u00e9 dispens\u00e9 aux sourds Pharmacie du petit Ronchin &#8211; Pharmacie 10 place de l&rsquo;abb\u00e9 de l&rsquo;\u00e9p\u00e9e &#8211; 03 20 88 18 &hellip;<\/p>\n","protected":false},"author":1,"featured_media":0,"parent":0,"menu_order":0,"comment_status":"closed","ping_status":"closed","template":"","meta":{"_mi_skip_tracking":false},"yoast_head":"<!-- This site is optimized with the Yoast SEO plugin v18.5.1 - https:\/\/yoast.com\/wordpress\/plugins\/seo\/ -->\n<title>Place de l&#039;abb\u00e9 de l&#039;\u00e9p\u00e9e - Petit Ronchin - Comit\u00e9 de quartier<\/title>\n<meta name=\"robots\" content=\"index, follow, max-snippet:-1, max-image-preview:large, max-video-preview:-1\" \/>\n<link rel=\"canonical\" href=\"https:\/\/petit-ronchin.quartiers-ronchin.fr\/index.php\/place-de-labbe-de-lepee\/\" \/>\n<meta property=\"og:locale\" content=\"fr_FR\" \/>\n<meta property=\"og:type\" content=\"article\" \/>\n<meta property=\"og:title\" content=\"Place de l&#039;abb\u00e9 de l&#039;\u00e9p\u00e9e - Petit Ronchin - Comit\u00e9 de quartier\" \/>\n<meta property=\"og:description\" content=\"Charles-Michel de L&rsquo;\u00c9p\u00e9e, appel\u00e9 l&rsquo;abb\u00e9 de L&rsquo;\u00c9p\u00e9e, n\u00e9 Charles-Michel Lesp\u00e9e le 24 novembre 1712 et mort le 23 d\u00e9cembre 1789, est un pr\u00eatre fran\u00e7ais, l&rsquo;un des pr\u00e9curseurs de l\u2019enseignement sp\u00e9cialis\u00e9 dispens\u00e9 aux sourds Pharmacie du petit Ronchin &#8211; Pharmacie 10 place de l&rsquo;abb\u00e9 de l&rsquo;\u00e9p\u00e9e &#8211; 03 20 88 18 &hellip;\" \/>\n<meta property=\"og:url\" content=\"https:\/\/petit-ronchin.quartiers-ronchin.fr\/index.php\/place-de-labbe-de-lepee\/\" \/>\n<meta property=\"og:site_name\" content=\"Petit Ronchin - Comit\u00e9 de quartier\" \/>\n<meta property=\"article:publisher\" content=\"https:\/\/www.facebook.com\/cqpetitronchin\" \/>\n<meta property=\"article:modified_time\" content=\"2017-11-30T17:48:47+00:00\" \/>\n<meta name=\"twitter:card\" content=\"summary\" \/>\n<script type=\"application\/ld+json\" class=\"yoast-schema-graph\">{\"@context\":\"https:\/\/schema.org\",\"@graph\":[{\"@type\":\"WebSite\",\"@id\":\"https:\/\/petit-ronchin.quartiers-ronchin.fr\/#website\",\"url\":\"https:\/\/petit-ronchin.quartiers-ronchin.fr\/\",\"name\":\"Petit Ronchin - Comit\u00e9 de quartier\",\"description\":\"Retrouvez toutes les infos du quartier du petit\",\"potentialAction\":[{\"@type\":\"SearchAction\",\"target\":{\"@type\":\"EntryPoint\",\"urlTemplate\":\"https:\/\/petit-ronchin.quartiers-ronchin.fr\/?s={search_term_string}\"},\"query-input\":\"required name=search_term_string\"}],\"inLanguage\":\"fr-FR\"},{\"@type\":\"WebPage\",\"@id\":\"https:\/\/petit-ronchin.quartiers-ronchin.fr\/index.php\/place-de-labbe-de-lepee\/#webpage\",\"url\":\"https:\/\/petit-ronchin.quartiers-ronchin.fr\/index.php\/place-de-labbe-de-lepee\/\",\"name\":\"Place de l'abb\u00e9 de l'\u00e9p\u00e9e - Petit Ronchin - Comit\u00e9 de quartier\",\"isPartOf\":{\"@id\":\"https:\/\/petit-ronchin.quartiers-ronchin.fr\/#website\"},\"datePublished\":\"2017-11-30T17:47:20+00:00\",\"dateModified\":\"2017-11-30T17:48:47+00:00\",\"breadcrumb\":{\"@id\":\"https:\/\/petit-ronchin.quartiers-ronchin.fr\/index.php\/place-de-labbe-de-lepee\/#breadcrumb\"},\"inLanguage\":\"fr-FR\",\"potentialAction\":[{\"@type\":\"ReadAction\",\"target\":[\"https:\/\/petit-ronchin.quartiers-ronchin.fr\/index.php\/place-de-labbe-de-lepee\/\"]}]},{\"@type\":\"BreadcrumbList\",\"@id\":\"https:\/\/petit-ronchin.quartiers-ronchin.fr\/index.php\/place-de-labbe-de-lepee\/#breadcrumb\",\"itemListElement\":[{\"@type\":\"ListItem\",\"position\":1,\"name\":\"Accueil\",\"item\":\"https:\/\/petit-ronchin.quartiers-ronchin.fr\/\"},{\"@type\":\"ListItem\",\"position\":2,\"name\":\"Place de l&rsquo;abb\u00e9 de l&rsquo;\u00e9p\u00e9e\"}]}]}<\/script>\n<!-- \/ Yoast SEO plugin. -->","yoast_head_json":{"title":"Place de l'abb\u00e9 de l'\u00e9p\u00e9e - Petit Ronchin - Comit\u00e9 de quartier","robots":{"index":"index","follow":"follow","max-snippet":"max-snippet:-1","max-image-preview":"max-image-preview:large","max-video-preview":"max-video-preview:-1"},"canonical":"https:\/\/petit-ronchin.quartiers-ronchin.fr\/index.php\/place-de-labbe-de-lepee\/","og_locale":"fr_FR","og_type":"article","og_title":"Place de l'abb\u00e9 de l'\u00e9p\u00e9e - Petit Ronchin - Comit\u00e9 de quartier","og_description":"Charles-Michel de L&rsquo;\u00c9p\u00e9e, appel\u00e9 l&rsquo;abb\u00e9 de L&rsquo;\u00c9p\u00e9e, n\u00e9 Charles-Michel Lesp\u00e9e le 24 novembre 1712 et mort le 23 d\u00e9cembre 1789, est un pr\u00eatre fran\u00e7ais, l&rsquo;un des pr\u00e9curseurs de l\u2019enseignement sp\u00e9cialis\u00e9 dispens\u00e9 aux sourds Pharmacie du petit Ronchin &#8211; Pharmacie 10 place de l&rsquo;abb\u00e9 de l&rsquo;\u00e9p\u00e9e &#8211; 03 20 88 18 &hellip;","og_url":"https:\/\/petit-ronchin.quartiers-ronchin.fr\/index.php\/place-de-labbe-de-lepee\/","og_site_name":"Petit Ronchin - Comit\u00e9 de quartier","article_publisher":"https:\/\/www.facebook.com\/cqpetitronchin","article_modified_time":"2017-11-30T17:48:47+00:00","twitter_card":"summary","schema":{"@context":"https:\/\/schema.org","@graph":[{"@type":"WebSite","@id":"https:\/\/petit-ronchin.quartiers-ronchin.fr\/#website","url":"https:\/\/petit-ronchin.quartiers-ronchin.fr\/","name":"Petit Ronchin - Comit\u00e9 de quartier","description":"Retrouvez toutes les infos du quartier du petit","potentialAction":[{"@type":"SearchAction","target":{"@type":"EntryPoint","urlTemplate":"https:\/\/petit-ronchin.quartiers-ronchin.fr\/?s={search_term_string}"},"query-input":"required name=search_term_string"}],"inLanguage":"fr-FR"},{"@type":"WebPage","@id":"https:\/\/petit-ronchin.quartiers-ronchin.fr\/index.php\/place-de-labbe-de-lepee\/#webpage","url":"https:\/\/petit-ronchin.quartiers-ronchin.fr\/index.php\/place-de-labbe-de-lepee\/","name":"Place de l'abb\u00e9 de l'\u00e9p\u00e9e - Petit Ronchin - Comit\u00e9 de quartier","isPartOf":{"@id":"https:\/\/petit-ronchin.quartiers-ronchin.fr\/#website"},"datePublished":"2017-11-30T17:47:20+00:00","dateModified":"2017-11-30T17:48:47+00:00","breadcrumb":{"@id":"https:\/\/petit-ronchin.quartiers-ronchin.fr\/index.php\/place-de-labbe-de-lepee\/#breadcrumb"},"inLanguage":"fr-FR","potentialAction":[{"@type":"ReadAction","target":["https:\/\/petit-ronchin.quartiers-ronchin.fr\/index.php\/place-de-labbe-de-lepee\/"]}]},{"@type":"BreadcrumbList","@id":"https:\/\/petit-ronchin.quartiers-ronchin.fr\/index.php\/place-de-labbe-de-lepee\/#breadcrumb","itemListElement":[{"@type":"ListItem","position":1,"name":"Accueil","item":"https:\/\/petit-ronchin.quartiers-ronchin.fr\/"},{"@type":"ListItem","position":2,"name":"Place de l&rsquo;abb\u00e9 de l&rsquo;\u00e9p\u00e9e"}]}]}},"_links":{"self":[{"href":"https:\/\/petit-ronchin.quartiers-ronchin.fr\/index.php\/wp-json\/wp\/v2\/pages\/495"}],"collection":[{"href":"https:\/\/petit-ronchin.quartiers-ronchin.fr\/index.php\/wp-json\/wp\/v2\/pages"}],"about":[{"href":"https:\/\/petit-ronchin.quartiers-ronchin.fr\/index.php\/wp-json\/wp\/v2\/types\/page"}],"author":[{"embeddable":true,"href":"https:\/\/petit-ronchin.quartiers-ronchin.fr\/index.php\/wp-json\/wp\/v2\/users\/1"}],"replies":[{"embeddable":true,"href":"https:\/\/petit-ronchin.quartiers-ronchin.fr\/index.php\/wp-json\/wp\/v2\/comments?post=495"}],"version-history":[{"count":3,"href":"https:\/\/petit-ronchin.quartiers-ronchin.fr\/index.php\/wp-json\/wp\/v2\/pages\/495\/revisions"}],"predecessor-version":[{"id":498,"href":"https:\/\/petit-ronchin.quartiers-ronchin.fr\/index.php\/wp-json\/wp\/v2\/pages\/495\/revisions\/498"}],"wp:attachment":[{"href":"https:\/\/petit-ronchin.quartiers-ronchin.fr\/index.php\/wp-json\/wp\/v2\/media?parent=495"}],"curies":[{"name":"wp","href":"https:\/\/api.w.org\/{rel}","templated":true}]}}